{"id":2724,"date":"2016-09-02T09:21:20","date_gmt":"2016-09-02T09:21:20","guid":{"rendered":"http:\/\/demo.goodlayers.com\/realfactory\/?page_id=2724"},"modified":"2026-02-24T07:33:34","modified_gmt":"2026-02-24T07:33:34","slug":"uncover-rome","status":"publish","type":"page","link":"https:\/\/italyinlovetours.com\/ro\/uncover-rome\/","title":{"rendered":"Descoper\u0103 Roma"},"content":{"rendered":"","protected":false},"excerpt":{"rendered":"","protected":false},"author":1,"featured_media":0,"parent":0,"menu_order":0,"comment_status":"closed","ping_status":"closed","template":"","meta":{"footnotes":""},"class_list":["post-2724","page","type-page","status-publish","hentry"],"yoast_head":"<!-- This site is optimized with the Yoast SEO Premium plugin v20.8 (Yoast SEO v26.8) - https:\/\/yoast.com\/product\/yoast-seo-premium-wordpress\/ -->\n<title>Uncover Rome - Italy in love tours<\/title>\n<meta name=\"description\" content=\"Explore Rome through curated insights, hidden masterpieces and exclusive stories crafted by private local experts.\" \/>\n<meta name=\"robots\" content=\"index, follow, max-snippet:-1, max-image-preview:large, max-video-preview:-1\" \/>\n<link rel=\"canonical\" href=\"https:\/\/italyinlovetours.com\/ro\/uncover-rome\/\" \/>\n<meta property=\"og:locale\" content=\"ro_RO\" \/>\n<meta property=\"og:type\" content=\"article\" \/>\n<meta property=\"og:title\" content=\"Uncover Rome\" \/>\n<meta property=\"og:description\" content=\"Explore Rome through curated insights, hidden masterpieces and exclusive stories crafted by private local experts.\" \/>\n<meta property=\"og:url\" content=\"https:\/\/italyinlovetours.com\/ro\/uncover-rome\/\" \/>\n<meta property=\"og:site_name\" content=\"Italy in love tours\" \/>\n<meta property=\"article:publisher\" content=\"https:\/\/www.facebook.com\/Italyinlovetours\/\" \/>\n<meta property=\"article:modified_time\" content=\"2026-02-24T07:33:34+00:00\" \/>\n<meta name=\"twitter:card\" content=\"summary_large_image\" \/>\n<meta name=\"twitter:label1\" content=\"Timp estimat pentru citire\" \/>\n\t<meta name=\"twitter:data1\" content=\"3 minute\" \/>\n<script type=\"application\/ld+json\" class=\"yoast-schema-graph\">{\"@context\":\"https:\/\/schema.org\",\"@graph\":[{\"@type\":\"WebPage\",\"@id\":\"https:\/\/italyinlovetours.com\/uncover-rome\/\",\"url\":\"https:\/\/italyinlovetours.com\/uncover-rome\/\",\"name\":\"Uncover Rome - Italy in love tours\",\"isPartOf\":{\"@id\":\"https:\/\/italyinlovetours.com\/#website\"},\"datePublished\":\"2016-09-02T09:21:20+00:00\",\"dateModified\":\"2026-02-24T07:33:34+00:00\",\"description\":\"Explore Rome through curated insights, hidden masterpieces and exclusive stories crafted by private local experts.\",\"breadcrumb\":{\"@id\":\"https:\/\/italyinlovetours.com\/uncover-rome\/#breadcrumb\"},\"inLanguage\":\"ro-RO\",\"potentialAction\":[{\"@type\":\"ReadAction\",\"target\":[\"https:\/\/italyinlovetours.com\/uncover-rome\/\"]}]},{\"@type\":\"BreadcrumbList\",\"@id\":\"https:\/\/italyinlovetours.com\/uncover-rome\/#breadcrumb\",\"itemListElement\":[{\"@type\":\"ListItem\",\"position\":1,\"name\":\"Home\",\"item\":\"https:\/\/italyinlovetours.com\/\"},{\"@type\":\"ListItem\",\"position\":2,\"name\":\"Uncover Rome\"}]},{\"@type\":\"WebSite\",\"@id\":\"https:\/\/italyinlovetours.com\/#website\",\"url\":\"https:\/\/italyinlovetours.com\/\",\"name\":\"Italy in love tours\",\"description\":\"Curated Private Experiences in Rome\",\"publisher\":{\"@id\":\"https:\/\/italyinlovetours.com\/#organization\"},\"potentialAction\":[{\"@type\":\"SearchAction\",\"target\":{\"@type\":\"EntryPoint\",\"urlTemplate\":\"https:\/\/italyinlovetours.com\/?s={search_term_string}\"},\"query-input\":{\"@type\":\"PropertyValueSpecification\",\"valueRequired\":true,\"valueName\":\"search_term_string\"}}],\"inLanguage\":\"ro-RO\"},{\"@type\":\"Organization\",\"@id\":\"https:\/\/italyinlovetours.com\/#organization\",\"name\":\"Italy in love tours\",\"url\":\"https:\/\/italyinlovetours.com\/\",\"logo\":{\"@type\":\"ImageObject\",\"inLanguage\":\"ro-RO\",\"@id\":\"https:\/\/italyinlovetours.com\/#\/schema\/logo\/image\/\",\"url\":\"https:\/\/italyinlovetours.com\/wp-content\/uploads\/2022\/01\/italy-in-love-tours.logo_.jpg\",\"contentUrl\":\"https:\/\/italyinlovetours.com\/wp-content\/uploads\/2022\/01\/italy-in-love-tours.logo_.jpg\",\"width\":1440,\"height\":1440,\"caption\":\"Italy in love tours\"},\"image\":{\"@id\":\"https:\/\/italyinlovetours.com\/#\/schema\/logo\/image\/\"},\"sameAs\":[\"https:\/\/www.facebook.com\/Italyinlovetours\/\",\"https:\/\/www.instagram.com\/italyinlovetours\/\",\"https:\/\/www.youtube.com\/channel\/UCdFt4gvubIRUtpE7bPEMdxA\"]}]}<\/script>\n<!-- \/ Yoast SEO Premium plugin. -->","yoast_head_json":{"title":"Descoper\u0103 Roma - Tururi Italia \u00eendr\u0103gostit\u0103","description":"Exploreaz\u0103 Roma prin intermediul unor informa\u021bii atent selec\u021bionate, capodopere ascunse \u0219i pove\u0219ti exclusive create de exper\u021bi locali priva\u021bi.","robots":{"index":"index","follow":"follow","max-snippet":"max-snippet:-1","max-image-preview":"max-image-preview:large","max-video-preview":"max-video-preview:-1"},"canonical":"https:\/\/italyinlovetours.com\/ro\/uncover-rome\/","og_locale":"ro_RO","og_type":"article","og_title":"Uncover Rome","og_description":"Explore Rome through curated insights, hidden masterpieces and exclusive stories crafted by private local experts.","og_url":"https:\/\/italyinlovetours.com\/ro\/uncover-rome\/","og_site_name":"Italy in love tours","article_publisher":"https:\/\/www.facebook.com\/Italyinlovetours\/","article_modified_time":"2026-02-24T07:33:34+00:00","twitter_card":"summary_large_image","twitter_misc":{"Timp estimat pentru citire":"3 minute"},"schema":{"@context":"https:\/\/schema.org","@graph":[{"@type":"WebPage","@id":"https:\/\/italyinlovetours.com\/uncover-rome\/","url":"https:\/\/italyinlovetours.com\/uncover-rome\/","name":"Descoper\u0103 Roma - Tururi Italia \u00eendr\u0103gostit\u0103","isPartOf":{"@id":"https:\/\/italyinlovetours.com\/#website"},"datePublished":"2016-09-02T09:21:20+00:00","dateModified":"2026-02-24T07:33:34+00:00","description":"Exploreaz\u0103 Roma prin intermediul unor informa\u021bii atent selec\u021bionate, capodopere ascunse \u0219i pove\u0219ti exclusive create de exper\u021bi locali priva\u021bi.","breadcrumb":{"@id":"https:\/\/italyinlovetours.com\/uncover-rome\/#breadcrumb"},"inLanguage":"ro-RO","potentialAction":[{"@type":"ReadAction","target":["https:\/\/italyinlovetours.com\/uncover-rome\/"]}]},{"@type":"BreadcrumbList","@id":"https:\/\/italyinlovetours.com\/uncover-rome\/#breadcrumb","itemListElement":[{"@type":"ListItem","position":1,"name":"Home","item":"https:\/\/italyinlovetours.com\/"},{"@type":"ListItem","position":2,"name":"Uncover Rome"}]},{"@type":"WebSite","@id":"https:\/\/italyinlovetours.com\/#website","url":"https:\/\/italyinlovetours.com\/","name":"Tururi \u00een Italia \u00een dragoste","description":"Experien\u021be private atent selec\u021bionate \u00een Roma","publisher":{"@id":"https:\/\/italyinlovetours.com\/#organization"},"potentialAction":[{"@type":"SearchAction","target":{"@type":"EntryPoint","urlTemplate":"https:\/\/italyinlovetours.com\/?s={search_term_string}"},"query-input":{"@type":"PropertyValueSpecification","valueRequired":true,"valueName":"search_term_string"}}],"inLanguage":"ro-RO"},{"@type":"Organization","@id":"https:\/\/italyinlovetours.com\/#organization","name":"Tururi \u00een Italia \u00een dragoste","url":"https:\/\/italyinlovetours.com\/","logo":{"@type":"ImageObject","inLanguage":"ro-RO","@id":"https:\/\/italyinlovetours.com\/#\/schema\/logo\/image\/","url":"https:\/\/italyinlovetours.com\/wp-content\/uploads\/2022\/01\/italy-in-love-tours.logo_.jpg","contentUrl":"https:\/\/italyinlovetours.com\/wp-content\/uploads\/2022\/01\/italy-in-love-tours.logo_.jpg","width":1440,"height":1440,"caption":"Italy in love tours"},"image":{"@id":"https:\/\/italyinlovetours.com\/#\/schema\/logo\/image\/"},"sameAs":["https:\/\/www.facebook.com\/Italyinlovetours\/","https:\/\/www.instagram.com\/italyinlovetours\/","https:\/\/www.youtube.com\/channel\/UCdFt4gvubIRUtpE7bPEMdxA"]}]}},"_links":{"self":[{"href":"https:\/\/italyinlovetours.com\/ro\/wp-json\/wp\/v2\/pages\/2724","targetHints":{"allow":["GET"]}}],"collection":[{"href":"https:\/\/italyinlovetours.com\/ro\/wp-json\/wp\/v2\/pages"}],"about":[{"href":"https:\/\/italyinlovetours.com\/ro\/wp-json\/wp\/v2\/types\/page"}],"author":[{"embeddable":true,"href":"https:\/\/italyinlovetours.com\/ro\/wp-json\/wp\/v2\/users\/1"}],"replies":[{"embeddable":true,"href":"https:\/\/italyinlovetours.com\/ro\/wp-json\/wp\/v2\/comments?post=2724"}],"version-history":[{"count":5,"href":"https:\/\/italyinlovetours.com\/ro\/wp-json\/wp\/v2\/pages\/2724\/revisions"}],"predecessor-version":[{"id":7654,"href":"https:\/\/italyinlovetours.com\/ro\/wp-json\/wp\/v2\/pages\/2724\/revisions\/7654"}],"wp:attachment":[{"href":"https:\/\/italyinlovetours.com\/ro\/wp-json\/wp\/v2\/media?parent=2724"}],"curies":[{"name":"wp","href":"https:\/\/api.w.org\/{rel}","templated":true}]}}